{"id":10,"date":"2024-12-10T05:02:18","date_gmt":"2024-12-10T05:02:18","guid":{"rendered":"https:\/\/svarainiai.lt\/?page_id=10"},"modified":"2024-12-10T05:03:42","modified_gmt":"2024-12-10T05:03:42","slug":"parduodame-produkcija","status":"publish","type":"page","link":"https:\/\/svarainiai.lt\/","title":{"rendered":"Parduodame produkcij\u0105"},"content":{"rendered":"\n<p>Domina svarainiai? \u0160vie\u017e\u016bs ar perdirbti?<\/p>\n\n\n\n<p>pra\u0161ome skambinti +370 (666) 00 727 arba +370-611-11-121<\/p>\n","protected":false},"excerpt":{"rendered":"<p>Domina svarainiai? \u0160vie\u017e\u016bs ar perdirbti? pra\u0161ome skambinti +370 (666) 00 727 arba +370-611-11-121<\/p>\n","protected":false},"author":1,"featured_media":0,"parent":0,"menu_order":0,"comment_status":"closed","ping_status":"closed","template":"","meta":{"footnotes":""},"class_list":["post-10","page","type-page","status-publish","hentry"],"jetpack_sharing_enabled":true,"_links":{"self":[{"href":"https:\/\/svarainiai.lt\/index.php?rest_route=\/wp\/v2\/pages\/10","targetHints":{"allow":["GET"]}}],"collection":[{"href":"https:\/\/svarainiai.lt\/index.php?rest_route=\/wp\/v2\/pages"}],"about":[{"href":"https:\/\/svarainiai.lt\/index.php?rest_route=\/wp\/v2\/types\/page"}],"author":[{"embeddable":true,"href":"https:\/\/svarainiai.lt\/index.php?rest_route=\/wp\/v2\/users\/1"}],"replies":[{"embeddable":true,"href":"https:\/\/svarainiai.lt\/index.php?rest_route=%2Fwp%2Fv2%2Fcomments&post=10"}],"version-history":[{"count":2,"href":"https:\/\/svarainiai.lt\/index.php?rest_route=\/wp\/v2\/pages\/10\/revisions"}],"predecessor-version":[{"id":13,"href":"https:\/\/svarainiai.lt\/index.php?rest_route=\/wp\/v2\/pages\/10\/revisions\/13"}],"wp:attachment":[{"href":"https:\/\/svarainiai.lt\/index.php?rest_route=%2Fwp%2Fv2%2Fmedia&parent=10"}],"curies":[{"name":"wp","href":"https:\/\/api.w.org\/{rel}","templated":true}]}}